{"id":550,"date":"2024-07-31T13:05:46","date_gmt":"2024-07-31T13:05:46","guid":{"rendered":"https:\/\/new.reginvest.eu\/sluzby\/"},"modified":"2024-08-13T09:03:44","modified_gmt":"2024-08-13T09:03:44","slug":"sluzby","status":"publish","type":"page","link":"https:\/\/www.reginvest.eu\/sk\/sluzby\/","title":{"rendered":"Slu\u017eby"},"content":{"rendered":"<div id=\"pl-550\"  class=\"panel-layout\" ><div id=\"pg-550-0\"  class=\"panel-grid panel-has-style\" ><div class=\"panel-row-style panel-row-style-for-550-0\" ><div id=\"pgc-550-0-0\"  class=\"panel-grid-cell\" ><div id=\"panel-550-0-0-0\" class=\"so-panel widget widget_sow-editor panel-first-child panel-last-child\" data-index=\"0\" ><div class=\"panel-widget-style panel-widget-style-for-550-0-0-0\" ><div\n\t\t\t\n\t\t\tclass=\"so-widget-sow-editor so-widget-sow-editor-base\"\n\t\t\t\n\t\t>\n<div class=\"siteorigin-widget-tinymce textwidget\">\n\t<h2 class=\"Default\">Na\u0161a hlavn\u00e1 kancel\u00e1ria s\u00eddli v Slovenskej republike a dc\u00e9rske spolo\u010dnosti sa nach\u00e1dzaj\u00fa v Kanade.<br \/>\nPon\u00fakame profesion\u00e1lne slu\u017eby v ni\u017e\u0161ie uveden\u00fdch oblastiach: <\/h2>\n<\/div>\n<\/div><\/div><\/div><\/div><div id=\"pgc-550-0-1\"  class=\"panel-grid-cell\" ><div id=\"panel-550-0-1-0\" class=\"so-panel widget widget_sow-editor panel-first-child panel-last-child\" data-index=\"1\" ><div class=\"panel-widget-style panel-widget-style-for-550-0-1-0\" ><div\n\t\t\t\n\t\t\tclass=\"so-widget-sow-editor so-widget-sow-editor-base\"\n\t\t\t\n\t\t>\n<div class=\"siteorigin-widget-tinymce textwidget\">\n\t<ul>\n<li>Investi\u010dn\u00e9 pr\u00edle\u017eitosti v Bulharsku, na Cypre, Kan\u00e1rskych ostrovoch, v Rak\u00fasku, Slovensku a \u0160panielsku<\/li>\n<li>Sprostredkovanie n\u00e1kupu a predaja zahrani\u010dn\u00fdch nehnute\u013enost\u00ed - pr\u00e1vne a poradensk\u00e9 slu\u017eby<\/li>\n<li>Spr\u00e1va a kr\u00e1tkodob\u00fd pren\u00e1jom nehnute\u013enost\u00ed<\/li>\n<li>N\u00e1jdeme pre v\u00e1s vhodn\u00fdch a spo\u013eahliv\u00fdch obchodn\u00fdch partnerov<\/li>\n<li>Prieskum a anal\u00fdza trhu<\/li>\n<li>Pre zahrani\u010dn\u00fdch z\u00e1kazn\u00edkov - podnikanie na Slovensku, kompletn\u00e9 pr\u00e1vne a poradensk\u00e9 slu\u017eby<\/li>\n<\/ul>\n<\/div>\n<\/div><\/div><\/div><\/div><\/div><\/div><div id=\"pg-550-1\"  class=\"panel-grid panel-has-style\" ><div class=\"panel-row-style panel-row-style-for-550-1\" ><div id=\"pgc-550-1-0\"  class=\"panel-grid-cell\" ><div id=\"panel-550-1-0-0\" class=\"so-panel widget widget_sow-editor panel-first-child panel-last-child\" data-index=\"2\" ><div class=\"panel-widget-style panel-widget-style-for-550-1-0-0\" ><div\n\t\t\t\n\t\t\tclass=\"so-widget-sow-editor so-widget-sow-editor-base\"\n\t\t\t\n\t\t>\n<div class=\"siteorigin-widget-tinymce textwidget\">\n\t<h2>Na\u0161e ciele<\/h2>\n<p><strong>Na\u0161\u00edm hlavn\u00fdm cie\u013eom je spokojnos\u0165 na\u0161ich z\u00e1kazn\u00edkov s ich nov\u00fdm domovom alebo investi\u010dnou nehnute\u013enos\u0165ou v cudzej krajine.<\/strong><\/p>\n<p>Podnika\u0165 v zahrani\u010d\u00ed znamen\u00e1 \u00eds\u0165 do nezn\u00e1meho prostredia.<br \/>\nNa\u0161\u00edm cie\u013eom je, aby ste sa c\u00edtili bezpe\u010dne a aby ste mali k dispoz\u00edcii slu\u017eby pod\u013ea va\u0161ich po\u017eiadaviek a vo va\u0161om rodnom jazyku.<br \/>\nS na\u0161imi radami budete pokojn\u00ed, preto\u017ee budete vedie\u0165, \u017ee \u00faspech je na dosah.    <\/p>\n<\/div>\n<\/div><\/div><\/div><\/div><div id=\"pgc-550-1-1\"  class=\"panel-grid-cell\" ><div id=\"panel-550-1-1-0\" class=\"so-panel widget widget_sow-image panel-first-child panel-last-child\" data-index=\"3\" ><div\n\t\t\t\n\t\t\tclass=\"so-widget-sow-image so-widget-sow-image-default-8b5b6f678277-550\"\n\t\t\t\n\t\t>\n\n<div class=\"sow-image-container\">\n\t\t<img loading=\"lazy\" decoding=\"async\" src=\"https:\/\/www.reginvest.eu\/wp-content\/uploads\/2024\/07\/business.png\" width=\"1200\" height=\"800\" srcset=\"https:\/\/www.reginvest.eu\/wp-content\/uploads\/2024\/07\/business.png 1200w, https:\/\/www.reginvest.eu\/wp-content\/uploads\/2024\/07\/business-300x200.png 300w, https:\/\/www.reginvest.eu\/wp-content\/uploads\/2024\/07\/business-1024x683.png 1024w, https:\/\/www.reginvest.eu\/wp-content\/uploads\/2024\/07\/business-768x512.png 768w, https:\/\/www.reginvest.eu\/wp-content\/uploads\/2024\/07\/business-480x320.png 480w, https:\/\/www.reginvest.eu\/wp-content\/uploads\/2024\/07\/business-992x661.png 992w, https:\/\/www.reginvest.eu\/wp-content\/uploads\/2024\/07\/business-272x182.png 272w\" sizes=\"auto, (max-width: 1200px) 100vw, 1200px\" alt=\"\" \t\tclass=\"so-widget-image\"\/>\n\t<\/div>\n\n<\/div><\/div><\/div><\/div><\/div><div id=\"pg-550-2\"  class=\"panel-grid panel-has-style\" ><div class=\"panel-row-style panel-row-style-for-550-2\" ><div id=\"pgc-550-2-0\"  class=\"panel-grid-cell panel-grid-cell-empty\" ><\/div><div id=\"pgc-550-2-1\"  class=\"panel-grid-cell panel-grid-cell-mobile-last\" ><div id=\"panel-550-2-1-0\" class=\"so-panel widget widget_sow-editor panel-first-child panel-last-child\" data-index=\"4\" ><div\n\t\t\t\n\t\t\tclass=\"so-widget-sow-editor so-widget-sow-editor-base\"\n\t\t\t\n\t\t>\n<div class=\"siteorigin-widget-tinymce textwidget\">\n\t<h3 style=\"text-align: center;\">Pri k\u00fape nehnute\u013enosti v zahrani\u010d\u00ed v\u00e1m radi zabezpe\u010d\u00edme pr\u00e1vne slu\u017eby a slu\u017eby realitn\u00fdch makl\u00e9rov u na\u0161ich partnerov, s ktor\u00fdmi spolupracujeme u\u017e mnoho rokov.<\/h3>\n<\/div>\n<\/div><\/div><\/div><div id=\"pgc-550-2-2\"  class=\"panel-grid-cell panel-grid-cell-empty\" ><\/div><\/div><\/div><div id=\"pg-550-3\"  class=\"panel-grid panel-has-style\" ><div class=\"panel-row-style panel-row-style-for-550-3\" ><div id=\"pgc-550-3-0\"  class=\"panel-grid-cell\" ><div id=\"panel-550-3-0-0\" class=\"so-panel widget widget_sow-image panel-first-child panel-last-child\" data-index=\"5\" ><div\n\t\t\t\n\t\t\tclass=\"so-widget-sow-image so-widget-sow-image-default-8b5b6f678277-550\"\n\t\t\t\n\t\t>\n\n<div class=\"sow-image-container\">\n\t\t<img loading=\"lazy\" decoding=\"async\" src=\"https:\/\/www.reginvest.eu\/wp-content\/uploads\/2024\/07\/Mask-Group-34-1.png\" width=\"615\" height=\"881\" srcset=\"https:\/\/www.reginvest.eu\/wp-content\/uploads\/2024\/07\/Mask-Group-34-1.png 615w, https:\/\/www.reginvest.eu\/wp-content\/uploads\/2024\/07\/Mask-Group-34-1-209x300.png 209w, https:\/\/www.reginvest.eu\/wp-content\/uploads\/2024\/07\/Mask-Group-34-1-480x688.png 480w\" sizes=\"auto, (max-width: 615px) 100vw, 615px\" title=\"Mask-Group-34\" alt=\"\" \t\tclass=\"so-widget-image\"\/>\n\t<\/div>\n\n<\/div><\/div><\/div><div id=\"pgc-550-3-1\"  class=\"panel-grid-cell\" ><div id=\"panel-550-3-1-0\" class=\"so-panel widget widget_sow-editor panel-first-child panel-last-child\" data-index=\"6\" ><div class=\"panel-widget-style panel-widget-style-for-550-3-1-0\" ><div\n\t\t\t\n\t\t\tclass=\"so-widget-sow-editor so-widget-sow-editor-base\"\n\t\t\t\n\t\t>\n<div class=\"siteorigin-widget-tinymce textwidget\">\n\t<h2>Pon\u00faknite svoju nehnute\u013enos\u0165 alebo investi\u010dn\u00fd projekt.  <\/h2>\n<p><strong>Viac ako 14 rokov sk\u00fasenost\u00ed v oblasti marketingu, poradenstva a reklamy n\u00e1s stavia nad ostatn\u00fdch.  <\/strong>  Dok\u00e1\u017eeme sa r\u00fdchlo a promptne prisp\u00f4sobi\u0165 va\u0161im potreb\u00e1m.<br \/>\nNa\u0161a spolo\u010dnos\u0165 zaru\u010duje bezpe\u010dnos\u0165, s\u00fakromie a d\u00f4vernos\u0165 v\u0161etk\u00fdch inform\u00e1ci\u00ed, ktor\u00e9 n\u00e1m poskytnete.<br \/>\nNa\u0161a webov\u00e1 str\u00e1nka v\u00e1m pon\u00faka jednoduch\u00fd sp\u00f4sob registr\u00e1cie nehnute\u013enosti alebo podania \u017eiadosti.<br \/>\nNa\u0161i z\u00e1stupcovia v Bratislave, Viedni, Prahe, Sofii, Varne, Kyjeve, na Cypre a v mnoh\u00fdch \u010fal\u0161\u00edch mest\u00e1ch s\u00fa pripraven\u00ed venova\u0165 sa va\u0161im potreb\u00e1m.<br \/>\nZa registr\u00e1ciu a propag\u00e1ciu va\u0161ej nehnute\u013enosti na na\u0161ej webovej str\u00e1nke neplat\u00edte \u017eiadne poplatky.      <\/p>\n<\/div>\n<\/div><\/div><\/div><\/div><\/div><\/div><\/div>","protected":false},"excerpt":{"rendered":"<p>Na\u0161a hlavn\u00e1 kancel\u00e1ria s\u00eddli v Slovenskej republike a dc\u00e9rske spolo\u010dnosti sa nach\u00e1dzaj\u00fa v Kanade. Pon\u00fakame profesion\u00e1lne slu\u017eby v ni\u017e\u0161ie uveden\u00fdch oblastiach: Investi\u010dn\u00e9 pr\u00edle\u017eitosti v Bulharsku, na Cypre, Kan\u00e1rskych ostrovoch, v Rak\u00fasku, Slovensku a \u0160panielsku Sprostredkovanie n\u00e1kupu a predaja zahrani\u010dn\u00fdch nehnute\u013enost\u00ed &#8211; pr\u00e1vne a poradensk\u00e9 slu\u017eby Spr\u00e1va a kr\u00e1tkodob\u00fd pren\u00e1jom nehnute\u013enost\u00ed N\u00e1jdeme pre v\u00e1s vhodn\u00fdch a [&hellip;]<\/p>\n","protected":false},"author":3,"featured_media":306,"parent":0,"menu_order":0,"comment_status":"closed","ping_status":"closed","template":"","meta":{"_acf_changed":false,"footnotes":""},"class_list":["post-550","page","type-page","status-publish","has-post-thumbnail","hentry"],"acf":[],"yoast_head":"<!-- This site is optimized with the Yoast SEO plugin v23.3 - https:\/\/yoast.com\/wordpress\/plugins\/seo\/ -->\n<title>Slu\u017eby - Investi\u010dn\u00e9 pr\u00edle\u017eitosti v Bulharsku, na Cypre a \u0160panielsku - REG Invest<\/title>\n<meta name=\"description\" content=\"Pri k\u00fape nehnute\u013enosti v zahrani\u010d\u00ed v\u00e1m radi zabezpe\u010d\u00edme pr\u00e1vne slu\u017eby a slu\u017eby realitn\u00fdch makl\u00e9rov u na\u0161ich partnerov, s ktor\u00fdmi spoluprac...\" \/>\n<meta name=\"robots\" content=\"index, follow, max-snippet:-1, max-image-preview:large, max-video-preview:-1\" \/>\n<link rel=\"canonical\" href=\"https:\/\/www.reginvest.eu\/sk\/sluzby\/\" \/>\n<meta property=\"og:locale\" content=\"sk_SK\" \/>\n<meta property=\"og:type\" content=\"article\" \/>\n<meta property=\"og:title\" content=\"Slu\u017eby - Investi\u010dn\u00e9 pr\u00edle\u017eitosti v Bulharsku, na Cypre a \u0160panielsku - REG Invest\" \/>\n<meta property=\"og:description\" content=\"Pri k\u00fape nehnute\u013enosti v zahrani\u010d\u00ed v\u00e1m radi zabezpe\u010d\u00edme pr\u00e1vne slu\u017eby a slu\u017eby realitn\u00fdch makl\u00e9rov u na\u0161ich partnerov, s ktor\u00fdmi spoluprac...\" \/>\n<meta property=\"og:url\" content=\"https:\/\/www.reginvest.eu\/sk\/sluzby\/\" \/>\n<meta property=\"og:site_name\" content=\"REG Invest\" \/>\n<meta property=\"article:modified_time\" content=\"2024-08-13T09:03:44+00:00\" \/>\n<meta property=\"og:image\" content=\"https:\/\/www.reginvest.eu\/wp-content\/uploads\/2024\/07\/george-lemon-oUi2tvBLInY-unsplash-1024x767.jpg\" \/>\n\t<meta property=\"og:image:width\" content=\"1024\" \/>\n\t<meta property=\"og:image:height\" content=\"767\" \/>\n\t<meta property=\"og:image:type\" content=\"image\/jpeg\" \/>\n<meta name=\"twitter:card\" content=\"summary_large_image\" \/>\n<meta name=\"twitter:label1\" content=\"Predpokladan\u00fd \u010das \u010d\u00edtania\" \/>\n\t<meta name=\"twitter:data1\" content=\"2 min\u00faty\" \/>\n<script type=\"application\/ld+json\" class=\"yoast-schema-graph\">{\"@context\":\"https:\/\/schema.org\",\"@graph\":[{\"@type\":\"WebPage\",\"@id\":\"https:\/\/www.reginvest.eu\/sk\/sluzby\/\",\"url\":\"https:\/\/www.reginvest.eu\/sk\/sluzby\/\",\"name\":\"Slu\u017eby - Investi\u010dn\u00e9 pr\u00edle\u017eitosti v Bulharsku, na Cypre a \u0160panielsku - REG Invest\",\"isPartOf\":{\"@id\":\"https:\/\/www.reginvest.eu\/#website\"},\"primaryImageOfPage\":{\"@id\":\"https:\/\/www.reginvest.eu\/sk\/sluzby\/#primaryimage\"},\"image\":{\"@id\":\"https:\/\/www.reginvest.eu\/sk\/sluzby\/#primaryimage\"},\"thumbnailUrl\":\"https:\/\/www.reginvest.eu\/wp-content\/uploads\/2024\/07\/george-lemon-oUi2tvBLInY-unsplash.jpg\",\"datePublished\":\"2024-07-31T13:05:46+00:00\",\"dateModified\":\"2024-08-13T09:03:44+00:00\",\"description\":\"Pri k\u00fape nehnute\u013enosti v zahrani\u010d\u00ed v\u00e1m radi zabezpe\u010d\u00edme pr\u00e1vne slu\u017eby a slu\u017eby realitn\u00fdch makl\u00e9rov u na\u0161ich partnerov, s ktor\u00fdmi spoluprac...\",\"breadcrumb\":{\"@id\":\"https:\/\/www.reginvest.eu\/sk\/sluzby\/#breadcrumb\"},\"inLanguage\":\"sk-SK\",\"potentialAction\":[{\"@type\":\"ReadAction\",\"target\":[\"https:\/\/www.reginvest.eu\/sk\/sluzby\/\"]}]},{\"@type\":\"ImageObject\",\"inLanguage\":\"sk-SK\",\"@id\":\"https:\/\/www.reginvest.eu\/sk\/sluzby\/#primaryimage\",\"url\":\"https:\/\/www.reginvest.eu\/wp-content\/uploads\/2024\/07\/george-lemon-oUi2tvBLInY-unsplash.jpg\",\"contentUrl\":\"https:\/\/www.reginvest.eu\/wp-content\/uploads\/2024\/07\/george-lemon-oUi2tvBLInY-unsplash.jpg\",\"width\":3992,\"height\":2992},{\"@type\":\"BreadcrumbList\",\"@id\":\"https:\/\/www.reginvest.eu\/sk\/sluzby\/#breadcrumb\",\"itemListElement\":[{\"@type\":\"ListItem\",\"position\":1,\"name\":\"Home\",\"item\":\"https:\/\/www.reginvest.eu\/sk\/\"},{\"@type\":\"ListItem\",\"position\":2,\"name\":\"Slu\u017eby\"}]},{\"@type\":\"WebSite\",\"@id\":\"https:\/\/www.reginvest.eu\/#website\",\"url\":\"https:\/\/www.reginvest.eu\/\",\"name\":\"REG Invest\",\"description\":\"\",\"potentialAction\":[{\"@type\":\"SearchAction\",\"target\":{\"@type\":\"EntryPoint\",\"urlTemplate\":\"https:\/\/www.reginvest.eu\/?s={search_term_string}\"},\"query-input\":\"required name=search_term_string\"}],\"inLanguage\":\"sk-SK\"}]}<\/script>\n<!-- \/ Yoast SEO plugin. -->","yoast_head_json":{"title":"Slu\u017eby - Investi\u010dn\u00e9 pr\u00edle\u017eitosti v Bulharsku, na Cypre a \u0160panielsku - REG Invest","description":"Pri k\u00fape nehnute\u013enosti v zahrani\u010d\u00ed v\u00e1m radi zabezpe\u010d\u00edme pr\u00e1vne slu\u017eby a slu\u017eby realitn\u00fdch makl\u00e9rov u na\u0161ich partnerov, s ktor\u00fdmi spoluprac...","robots":{"index":"index","follow":"follow","max-snippet":"max-snippet:-1","max-image-preview":"max-image-preview:large","max-video-preview":"max-video-preview:-1"},"canonical":"https:\/\/www.reginvest.eu\/sk\/sluzby\/","og_locale":"sk_SK","og_type":"article","og_title":"Slu\u017eby - Investi\u010dn\u00e9 pr\u00edle\u017eitosti v Bulharsku, na Cypre a \u0160panielsku - REG Invest","og_description":"Pri k\u00fape nehnute\u013enosti v zahrani\u010d\u00ed v\u00e1m radi zabezpe\u010d\u00edme pr\u00e1vne slu\u017eby a slu\u017eby realitn\u00fdch makl\u00e9rov u na\u0161ich partnerov, s ktor\u00fdmi spoluprac...","og_url":"https:\/\/www.reginvest.eu\/sk\/sluzby\/","og_site_name":"REG Invest","article_modified_time":"2024-08-13T09:03:44+00:00","og_image":[{"width":1024,"height":767,"url":"https:\/\/www.reginvest.eu\/wp-content\/uploads\/2024\/07\/george-lemon-oUi2tvBLInY-unsplash-1024x767.jpg","type":"image\/jpeg"}],"twitter_card":"summary_large_image","twitter_misc":{"Predpokladan\u00fd \u010das \u010d\u00edtania":"2 min\u00faty"},"schema":{"@context":"https:\/\/schema.org","@graph":[{"@type":"WebPage","@id":"https:\/\/www.reginvest.eu\/sk\/sluzby\/","url":"https:\/\/www.reginvest.eu\/sk\/sluzby\/","name":"Slu\u017eby - Investi\u010dn\u00e9 pr\u00edle\u017eitosti v Bulharsku, na Cypre a \u0160panielsku - REG Invest","isPartOf":{"@id":"https:\/\/www.reginvest.eu\/#website"},"primaryImageOfPage":{"@id":"https:\/\/www.reginvest.eu\/sk\/sluzby\/#primaryimage"},"image":{"@id":"https:\/\/www.reginvest.eu\/sk\/sluzby\/#primaryimage"},"thumbnailUrl":"https:\/\/www.reginvest.eu\/wp-content\/uploads\/2024\/07\/george-lemon-oUi2tvBLInY-unsplash.jpg","datePublished":"2024-07-31T13:05:46+00:00","dateModified":"2024-08-13T09:03:44+00:00","description":"Pri k\u00fape nehnute\u013enosti v zahrani\u010d\u00ed v\u00e1m radi zabezpe\u010d\u00edme pr\u00e1vne slu\u017eby a slu\u017eby realitn\u00fdch makl\u00e9rov u na\u0161ich partnerov, s ktor\u00fdmi spoluprac...","breadcrumb":{"@id":"https:\/\/www.reginvest.eu\/sk\/sluzby\/#breadcrumb"},"inLanguage":"sk-SK","potentialAction":[{"@type":"ReadAction","target":["https:\/\/www.reginvest.eu\/sk\/sluzby\/"]}]},{"@type":"ImageObject","inLanguage":"sk-SK","@id":"https:\/\/www.reginvest.eu\/sk\/sluzby\/#primaryimage","url":"https:\/\/www.reginvest.eu\/wp-content\/uploads\/2024\/07\/george-lemon-oUi2tvBLInY-unsplash.jpg","contentUrl":"https:\/\/www.reginvest.eu\/wp-content\/uploads\/2024\/07\/george-lemon-oUi2tvBLInY-unsplash.jpg","width":3992,"height":2992},{"@type":"BreadcrumbList","@id":"https:\/\/www.reginvest.eu\/sk\/sluzby\/#breadcrumb","itemListElement":[{"@type":"ListItem","position":1,"name":"Home","item":"https:\/\/www.reginvest.eu\/sk\/"},{"@type":"ListItem","position":2,"name":"Slu\u017eby"}]},{"@type":"WebSite","@id":"https:\/\/www.reginvest.eu\/#website","url":"https:\/\/www.reginvest.eu\/","name":"REG Invest","description":"","potentialAction":[{"@type":"SearchAction","target":{"@type":"EntryPoint","urlTemplate":"https:\/\/www.reginvest.eu\/?s={search_term_string}"},"query-input":"required name=search_term_string"}],"inLanguage":"sk-SK"}]}},"_links":{"self":[{"href":"https:\/\/www.reginvest.eu\/sk\/wp-json\/wp\/v2\/pages\/550","targetHints":{"allow":["GET"]}}],"collection":[{"href":"https:\/\/www.reginvest.eu\/sk\/wp-json\/wp\/v2\/pages"}],"about":[{"href":"https:\/\/www.reginvest.eu\/sk\/wp-json\/wp\/v2\/types\/page"}],"author":[{"embeddable":true,"href":"https:\/\/www.reginvest.eu\/sk\/wp-json\/wp\/v2\/users\/3"}],"replies":[{"embeddable":true,"href":"https:\/\/www.reginvest.eu\/sk\/wp-json\/wp\/v2\/comments?post=550"}],"version-history":[{"count":2,"href":"https:\/\/www.reginvest.eu\/sk\/wp-json\/wp\/v2\/pages\/550\/revisions"}],"predecessor-version":[{"id":603,"href":"https:\/\/www.reginvest.eu\/sk\/wp-json\/wp\/v2\/pages\/550\/revisions\/603"}],"wp:featuredmedia":[{"embeddable":true,"href":"https:\/\/www.reginvest.eu\/sk\/wp-json\/wp\/v2\/media\/306"}],"wp:attachment":[{"href":"https:\/\/www.reginvest.eu\/sk\/wp-json\/wp\/v2\/media?parent=550"}],"curies":[{"name":"wp","href":"https:\/\/api.w.org\/{rel}","templated":true}]}}